{"id":169,"date":"2014-11-12T15:37:29","date_gmt":"2014-11-12T14:37:29","guid":{"rendered":"https:\/\/www.corvavellutidarte.it\/\/?page_id=169"},"modified":"2014-11-12T15:37:29","modified_gmt":"2014-11-12T14:37:29","slug":"tradition-versatility","status":"publish","type":"page","link":"https:\/\/www.corvavellutidarte.it\/en\/tradition-versatility\/","title":{"rendered":"tradition and versatility in the textile world"},"content":{"rendered":"<p>[et_pb_section][et_pb_row][et_pb_column type=&#8221;4_4&#8243;][et_pb_text admin_label=&#8221;Text&#8221; background_layout=&#8221;light&#8221; text_orientation=&#8221;left&#8221;]<\/p>\n<p>At the beginning of the 1960\u2019s, Stelio Corva and his wife, Lotaria Rossi, started producing fabrics that were used to create shoes and bags.<\/p>\n<p>Having faith in their entrepreneurial spirit and intuition, they started from scratch, processing the first fabrics on fruit boxes.<\/p>\n<p>Stelio is a young civil engineer, while Lotaria is an artist; matching creativity and technique, and thanks to Stelio\u2019s imagination and great manual skill, the company begins to grow.<\/p>\n<p>At the beginning of the 1970\u2019s, they buy the first mechanic loom, in order to increase the production rhythm, whereas in 1980 the Corvas start working on the project that, maybe, is the one that most influenced the future prestige and success of the company: the rebirth of the gold thread velvet (<em><i>allucciolato d\u2019oro<\/i><\/em> in Italian).<\/p>\n<h2>The rebirth of the gold thread velvet<\/h2>\n<p>After several years of studies and research, Stelvio and Lotaria manage to recreate a fabric from the 16th century, the gold thread velvet, which used to dress the Venetian Dukes (Dogi) and people of the ruling class, and whose technique had been lost.<\/p>\n<p>In the same good decade, Stelio builds a loom with his own hands, which is still the flagship of the company.<\/p>\n<p>The clients and the prestige arrived soon, and Corva Velluti d&#8217;Arte started leading the textile sector, thanks to the ability of producing exclusive fabrics based on the ideas or original drawings of the clients, both in the furniture and fashion sector.<\/p>\n<p>Throughout the decades, the company produced 1500 exclusive drawings on demand and approximately twenty original Corva designs.<\/p>\n<p>In 2002, the company grows and buys some \u201c<em><i>bacchetta<\/i><\/em>\u201d looms to increase the production of the existing looms.<\/p>\n<h2>Tradition and versatility in the textile world<\/h2>\n<p>The main feature of Corva Velluti d\u2019Arte, which has not changed over the decades, is the high quality of its fabrics, which are produced by the skilled hands of its expert weavers.<\/p>\n<p>In the textile world each gesture is important. For this reason only after a long and careful training the weaver can start working at the loom, mechanic or manual.<\/p>\n<p>The personal characteristics of a weaver must be passion and patience. Without them, it is impossible to succeed in this ancient, appealing and complex profession.<\/p>\n<p>Based on this philosophy and thanks to its mechanic \u201c<em><i>bacchetta\u201d <\/i><\/em>and \u201c<em><i>doppia pezza\u201d <\/i><\/em>looms<em><i>, <\/i><\/em>Corva satisfies even the most refined needs of its clients.<\/p>\n<p>The manual loom built by Stelvio Corva in the 1980\u2019s is still the best example of the talent and creativity of the company\u2019s founder. This loom, which is still used, was optimized with a combination of manual and mechanic elements, in order to facilitate and optimize the loom\u2019s work.<\/p>\n<p>Today, Corva Velluti d\u2019Arte looks at the future and promotes innovation, always remembering its handcraft origins, which are at the core of its activity.<\/p>\n<p>&nbsp;<\/p>\n<p>&nbsp;<\/p>\n<p>[\/et_pb_text][\/et_pb_column][\/et_pb_row][\/et_pb_section]<\/p>\n","protected":false},"excerpt":{"rendered":"<p><div class=\"et_pb_section et_pb_section_0 et_section_regular\" >\n\t\t\t\t\n\t\t\t\t\n\t\t\t\t\n\t\t\t\t\n\t\t\t\t\n\t\t\t\t\n\t\t\t\t\n\t\t\t\t\n\t\t\t\t\n\t\t\t<\/div><div class=\"et_pb_row et_pb_row_0 et_pb_row_empty\">\n\t\t\t\t\n\t\t\t\t\n\t\t\t\t\n\t\t\t\t\n\t\t\t\t\n\t\t\t<\/div> At the beginning of the 1960\u2019s, Stelio Corva and his wife, Lotaria Rossi, started producing fabrics that were used to create shoes and bags. Having faith in their entrepreneurial spirit and intuition, they started from scratch, processing the first fabrics on fruit boxes. Stelio is a young civil engineer, while Lotaria is an artist; [&hellip;]<\/p>\n","protected":false},"author":1,"featured_media":0,"parent":0,"menu_order":0,"comment_status":"closed","ping_status":"closed","template":"","meta":{"_et_pb_use_builder":"on","_et_pb_old_content":"<p>Nei primi anni Sessanta del Novecento <strong>Stelio Corva<\/strong> e la moglie <strong>Lotaria Rossi<\/strong> iniziano a fabbricare tessuti destinati alla pelletteria, per scarpe e borse.<\/p><p>Cominciano da zero, lavorando i primi tessuti sulle cassette della frutta, forti del loro spirito imprenditoriale e di alcune intuizioni. Stelio \u00e8 un giovane ingegnere edile, mentre Lotaria \u00e8 un'artista; coniugando creativit\u00e0 e tecnica, grazie allo spirito di inventiva e alla grande manualit\u00e0 di Stelio, l'azienda inizia la sua ascesa.<\/p><p>Agli inizi degli anni Settanta viene acquistato il primo telaio meccanico per aumentare i ritmi di produzione, mentre nel 1980 i coniugi Corva si cimentano nell'impresa che forse pi\u00f9 ha influito sul prestigio e il conseguente prosperare dell'azienda: la rinascita dell\u2019allucciolato d\u2019oro.<\/p><h2>La rinascita dell'allucciolato d'oro<\/h2><p>Dopo numerosi studi e ricerche, Stelvio e Lotaria riescono a riprodurre un <strong>tessuto del 1500<\/strong>, l'allucciolato d'oro, che un tempo vestiva Dogi e regnanti e la cui tecnica di tessitura era andata perduta. Sempre in questo fortunato decennio Stelio costruisce con le proprie mani un telaio a mano, ancora oggi fiore all\u2019occhiello dell\u2019azienda. Le commissioni e il prestigio non tardano ad arrivare e la <strong>Corva Velluti d'Arte<\/strong> si impone sul panorama delle tessiture grazie alla capacit\u00e0 di realizzare in esclusiva su tessuto le idee o i disegni originali dei clienti, sia nell\u2019ambito dell\u2019arredamento che della moda.<\/p><p>Nel corso dei decenni sono stati realizzati <strong>1500 disegni esclusivi<\/strong> su commissione e una ventina di disegni originali Corva. Nel 2002 l'azienda si amplia ulteriormente acquistando alcuni telai a bacchetta per affiancare la produzione dei telai gi\u00e0 in essere.<\/p><h2>Tradizione e duttilit\u00e0 nell'arte tessile<\/h2><p>La principale caratteristica di Corva, immutata nel corso dei decenni, \u00e8 l'altissima qualit\u00e0 dei tessuti realizzati che nascono dalle mani abili ed esperte delle tessitrici. Nell'arte della tessitura ogni gesto \u00e8 importante, ecco perch\u00e9 solo dopo una lunga e accurata formazione il tessitore pu\u00f2 avvicinarsi al telaio, sia esso meccanico o manuale.<\/p><p>Le doti caratteriali di un tessitore devono essere la passione e la pazienza, senza le quali \u00e8 impossibile dedicarsi a quest'antica quanto suggestiva e complessa professione.<\/p><p>Con queste premesse e tramite i telai meccanici, sia a bacchetta che a doppia pezza, Corva soddisfa le pi\u00f9 diverse ricercate esigenze della clientela. Il telaio manuale costruito da Stelvio Corva negli anni Ottanta resta per\u00f2 la sintesi dell'ingegno e della creativit\u00e0 del fondatore. Il telaio, usato ancora oggi nella produzione, \u00e8 stato ottimizzato per la produzione sposando elementi manuali e congegni meccanici, per agevolare e ottimizzare il lavoro della tessitrice.<\/p><p>Oggi la Corva Velluti d\u2019Arte \u00e8 un\u2019azienda che guarda al futuro e all\u2019innovazione, nella consapevolezza delle proprie origini artigiane dalle quali non vuole prescindere.<\/p>","_et_gb_content_width":"","footnotes":""},"class_list":["post-169","page","type-page","status-publish","hentry"],"_links":{"self":[{"href":"https:\/\/www.corvavellutidarte.it\/en\/wp-json\/wp\/v2\/pages\/169","targetHints":{"allow":["GET"]}}],"collection":[{"href":"https:\/\/www.corvavellutidarte.it\/en\/wp-json\/wp\/v2\/pages"}],"about":[{"href":"https:\/\/www.corvavellutidarte.it\/en\/wp-json\/wp\/v2\/types\/page"}],"author":[{"embeddable":true,"href":"https:\/\/www.corvavellutidarte.it\/en\/wp-json\/wp\/v2\/users\/1"}],"replies":[{"embeddable":true,"href":"https:\/\/www.corvavellutidarte.it\/en\/wp-json\/wp\/v2\/comments?post=169"}],"version-history":[{"count":1,"href":"https:\/\/www.corvavellutidarte.it\/en\/wp-json\/wp\/v2\/pages\/169\/revisions"}],"predecessor-version":[{"id":171,"href":"https:\/\/www.corvavellutidarte.it\/en\/wp-json\/wp\/v2\/pages\/169\/revisions\/171"}],"wp:attachment":[{"href":"https:\/\/www.corvavellutidarte.it\/en\/wp-json\/wp\/v2\/media?parent=169"}],"curies":[{"name":"wp","href":"https:\/\/api.w.org\/{rel}","templated":true}]}}